{"id":907,"date":"2026-01-06T09:22:47","date_gmt":"2026-01-06T09:22:47","guid":{"rendered":"https:\/\/vakerthungaria.hu\/?page_id=907"},"modified":"2026-01-15T16:38:45","modified_gmt":"2026-01-15T16:38:45","slug":"imprint","status":"publish","type":"page","link":"https:\/\/vakerthungaria.hu\/en\/imprint\/","title":{"rendered":"Imprint"},"content":{"rendered":"\t\t<div data-elementor-type=\"wp-page\" data-elementor-id=\"907\" class=\"elementor elementor-907 elementor-702\" data-elementor-post-type=\"page\">\n\t\t\t\t<div class=\"elementor-element elementor-element-9c74bbb e-con-full e-flex e-con e-parent\" data-id=\"9c74bbb\" data-element_type=\"container\" data-e-type=\"container\" data-settings=\"{&quot;background_background&quot;:&quot;classic&quot;}\">\n\t\t<div class=\"elementor-element elementor-element-a5fcd6f e-flex e-con-boxed e-con e-child\" data-id=\"a5fcd6f\" data-element_type=\"container\" data-e-type=\"container\">\n\t\t\t\t\t<div class=\"e-con-inner\">\n\t\t\t\t<div class=\"elementor-element elementor-element-2dbc2e2 elementor-widget elementor-widget-heading\" data-id=\"2dbc2e2\" data-element_type=\"widget\" data-e-type=\"widget\" data-widget_type=\"heading.default\">\n\t\t\t\t\t<h1 class=\"elementor-heading-title elementor-size-default\">IMPRINT<\/h1>\t\t\t\t<\/div>\n\t\t\t\t\t<\/div>\n\t\t\t\t<\/div>\n\t\t\t\t<\/div>\n\t\t<div class=\"elementor-element elementor-element-e49ae78 e-flex e-con-boxed e-con e-parent\" data-id=\"e49ae78\" data-element_type=\"container\" data-e-type=\"container\">\n\t\t\t\t\t<div class=\"e-con-inner\">\n\t\t<div class=\"elementor-element elementor-element-2b8a989 e-con-full e-flex e-con e-child\" data-id=\"2b8a989\" data-element_type=\"container\" data-e-type=\"container\">\n\t\t\t\t<div class=\"elementor-element elementor-element-2601dfd elementor-widget elementor-widget-text-editor\" data-id=\"2601dfd\" data-element_type=\"widget\" data-e-type=\"widget\" data-widget_type=\"text-editor.default\">\n\t\t\t\t\t\t\t\t\t<p><strong>Business name:<\/strong> Vakert Hung\u00e1ria Kft.<\/p><p><strong>Location: <\/strong>4623 Tuzs\u00e9r, Bezd\u00e9di \u00fat 6.<\/p><p><strong>VAT ID: <\/strong>26226510-2-15<\/p><p><strong>Contact email: <\/strong><a href=\"mailto:info@vakerthungaria.hu\">info@vakerthungaria.hu<\/a><\/p><p><strong>Phone: <\/strong><a href=\"tel:+3645441129\">+36 45 441 129<\/a><\/p>\t\t\t\t\t\t\t\t<\/div>\n\t\t\t\t<\/div>\n\t\t\t\t\t<\/div>\n\t\t\t\t<\/div>\n\t\t\t\t<\/div>\n\t\t","protected":false},"excerpt":{"rendered":"<p>IMPRINT Business name: Vakert Hung\u00e1ria Kft. Location: 4623 Tuzs\u00e9r, Bezd\u00e9di \u00fat 6. VAT ID: 26226510-2-15 Contact email: info@vakerthungaria.hu Phone: +36 45 441 129<\/p>\n","protected":false},"author":1,"featured_media":0,"parent":0,"menu_order":0,"comment_status":"closed","ping_status":"closed","template":"","meta":{"footnotes":""},"class_list":["post-907","page","type-page","status-publish","hentry"],"_links":{"self":[{"href":"https:\/\/vakerthungaria.hu\/en\/wp-json\/wp\/v2\/pages\/907","targetHints":{"allow":["GET"]}}],"collection":[{"href":"https:\/\/vakerthungaria.hu\/en\/wp-json\/wp\/v2\/pages"}],"about":[{"href":"https:\/\/vakerthungaria.hu\/en\/wp-json\/wp\/v2\/types\/page"}],"author":[{"embeddable":true,"href":"https:\/\/vakerthungaria.hu\/en\/wp-json\/wp\/v2\/users\/1"}],"replies":[{"embeddable":true,"href":"https:\/\/vakerthungaria.hu\/en\/wp-json\/wp\/v2\/comments?post=907"}],"version-history":[{"count":4,"href":"https:\/\/vakerthungaria.hu\/en\/wp-json\/wp\/v2\/pages\/907\/revisions"}],"predecessor-version":[{"id":914,"href":"https:\/\/vakerthungaria.hu\/en\/wp-json\/wp\/v2\/pages\/907\/revisions\/914"}],"wp:attachment":[{"href":"https:\/\/vakerthungaria.hu\/en\/wp-json\/wp\/v2\/media?parent=907"}],"curies":[{"name":"wp","href":"https:\/\/api.w.org\/{rel}","templated":true}]}}